{"id":25,"date":"2024-12-10T12:27:48","date_gmt":"2024-12-10T12:27:48","guid":{"rendered":"https:\/\/krmainbiodiverziteta.holstein.si\/?page_id=25"},"modified":"2024-12-10T13:44:31","modified_gmt":"2024-12-10T13:44:31","slug":"domaca-stran","status":"publish","type":"page","link":"https:\/\/krmainbiodiverziteta.holstein.si\/","title":{"rendered":"DOMA\u010cA STRAN"},"content":{"rendered":"\n<p><\/p>\n\n\n\n<div class=\"wp-block-columns is-layout-flex wp-container-core-columns-is-layout-9d6595d7 wp-block-columns-is-layout-flex\">\n<div class=\"wp-block-column is-layout-flow wp-block-column-is-layout-flow\" style=\"flex-basis:66.66%\">\n<p class=\"has-text-align-left has-medium-font-size\">Projekt z naslovom \u00bbKrmni obroki in biodiverziteta v razmerah podnebnih sprememb \u2013 primer govedorejske kmetije\u00ab se je izvajal na 5 v prirejo mleka usmerjenih dru\u017einskih govedorejskih kmetijah ter na posestvu Bogata \u2013 Mlekarna Kobarid, ki ima status malega srednjega podjetja. Poleg tega so v projektu sodelovali raziskovalci in strokovnjaki Univerze v Ljubljani (Biotehni\u0161ke fakultete), ki je nosilec in prijavitelj tega projekta (izobra\u017eevalna in\u0161titucija), Kmetijsko gozdarska zavoda Ptuj in Kranj kot svetovalni in\u0161tituciji, Fakulteta za ekonomijo in informatiko Univerze v Novem mestu (raziskovalna in\u0161titucija), ter podjetje USCOM, telekomunikacije d.o.o. kot MSP izven kmetijstva, ki je v okviru projekta odgovoren za razvoj procesnih re\u0161itev vezanih na krmljenje krav molznic in \u0161irjenje znanja v razli\u010dnih oblikah. Poleg kmetijskih gospodarstev je v tem projektu pri nekaterih aktivnostih sodelovalo tudi \u0161olsko posestvo PRC Logatec, ki deluje v okviru Biotehni\u0161ke fakultete. Na ta na\u010din bomo dosegli tudi dijake in \u0161tudente kmetijskih \u0161ol in kmetijskih fakultet, ki so predvideni za bodo\u010de nosilce kmetij.<\/p>\n<\/div>\n\n\n\n<div class=\"wp-block-column is-vertically-aligned-center is-layout-flow wp-block-column-is-layout-flow\" style=\"flex-basis:33.33%\">\n<div class=\"wp-block-group is-layout-grid wp-container-core-group-is-layout-9649a0d9 wp-block-group-is-layout-grid\">\n<div class=\"wp-block-group\"><div class=\"wp-block-group__inner-container is-layout-constrained wp-block-group-is-layout-constrained\">\n<div class=\"wp-block-group is-layout-grid wp-container-core-group-is-layout-4c8c3892 wp-block-group-is-layout-grid\"><\/div>\n\n\n\n<div class=\"wp-block-uagb-info-box uagb-block-13a977c6 uagb-infobox__content-wrap  uagb-infobox-icon-above-title uagb-infobox-image-valign-top\"><div class=\"uagb-ifb-content\"><div class=\"uagb-ifb-title-wrap\"><h3 class=\"uagb-ifb-title\"><br><a href=\"https:\/\/skp.si\/\"><img decoding=\"async\" src=\"https:\/\/krmainbiodiverziteta.holstein.si\/wp-content\/uploads\/2024\/12\/PRP-EU-SLO-barvni-scaled-1-1024x253.jpg\" alt=\"\"><\/a><\/h3><\/div><div class=\"uagb-ifb-desc\">\n<p>Spletna stran DOBROBIT je oblikovana z namenom predstavitve projekta in informiranjem \u0161ir\u0161e javnosti o vsebinah projekta.<br><br>Va\u0161e pobude in vpra\u0161anja po\u0161ljite na marija.klopcic@bf.uni-lj.si.<br><br>Hvala za va\u0161 obisk!<\/p>\n<\/div><\/div><\/div>\n<\/div><\/div>\n<\/div>\n<\/div>\n<\/div>\n\n\n\n<p><\/p>\n","protected":false},"excerpt":{"rendered":"<p>Projekt z naslovom \u00bbKrmni obroki in biodiverziteta v razmerah podnebnih sprememb \u2013 primer govedorejske kmetije\u00ab se je izvajal na 5 v prirejo mleka usmerjenih dru\u017einskih govedorejskih kmetijah ter na posestvu Bogata \u2013 Mlekarna Kobarid, ki ima status malega srednjega podjetja. Poleg tega so v projektu sodelovali raziskovalci in strokovnjaki Univerze v Ljubljani (Biotehni\u0161ke fakultete), ki [&hellip;]<\/p>\n","protected":false},"author":1,"featured_media":0,"parent":0,"menu_order":0,"comment_status":"closed","ping_status":"closed","template":"","meta":{"_uag_custom_page_level_css":"","footnotes":""},"class_list":["post-25","page","type-page","status-publish","hentry"],"yoast_head":"<!-- This site is optimized with the Yoast SEO plugin v24.0 - https:\/\/yoast.com\/wordpress\/plugins\/seo\/ -->\n<title>DOMA\u010cA STRAN - KRMNI OBROKI IN BIODIVERZITETA V RAZMERAH PODNEBNIH SPREMEMB<\/title>\n<meta name=\"robots\" content=\"index, follow, max-snippet:-1, max-image-preview:large, max-video-preview:-1\" \/>\n<link rel=\"canonical\" href=\"https:\/\/krmainbiodiverziteta.holstein.si\/\" \/>\n<meta property=\"og:locale\" content=\"en_US\" \/>\n<meta property=\"og:type\" content=\"article\" \/>\n<meta property=\"og:title\" content=\"DOMA\u010cA STRAN - KRMNI OBROKI IN BIODIVERZITETA V RAZMERAH PODNEBNIH SPREMEMB\" \/>\n<meta property=\"og:description\" content=\"Projekt z naslovom \u00bbKrmni obroki in biodiverziteta v razmerah podnebnih sprememb \u2013 primer govedorejske kmetije\u00ab se je izvajal na 5 v prirejo mleka usmerjenih dru\u017einskih govedorejskih kmetijah ter na posestvu Bogata \u2013 Mlekarna Kobarid, ki ima status malega srednjega podjetja. Poleg tega so v projektu sodelovali raziskovalci in strokovnjaki Univerze v Ljubljani (Biotehni\u0161ke fakultete), ki [&hellip;]\" \/>\n<meta property=\"og:url\" content=\"https:\/\/krmainbiodiverziteta.holstein.si\/\" \/>\n<meta property=\"og:site_name\" content=\"KRMNI OBROKI IN BIODIVERZITETA V RAZMERAH PODNEBNIH SPREMEMB\" \/>\n<meta property=\"article:modified_time\" content=\"2024-12-10T13:44:31+00:00\" \/>\n<meta property=\"og:image\" content=\"https:\/\/krmainbiodiverziteta.holstein.si\/wp-content\/uploads\/2024\/12\/PRP-EU-SLO-barvni-scaled-1-1024x253.jpg\" \/>\n<meta name=\"twitter:card\" content=\"summary_large_image\" \/>\n<meta name=\"twitter:label1\" content=\"Est. reading time\" \/>\n\t<meta name=\"twitter:data1\" content=\"1 minute\" \/>\n<script type=\"application\/ld+json\" class=\"yoast-schema-graph\">{\"@context\":\"https:\/\/schema.org\",\"@graph\":[{\"@type\":\"WebPage\",\"@id\":\"https:\/\/krmainbiodiverziteta.holstein.si\/\",\"url\":\"https:\/\/krmainbiodiverziteta.holstein.si\/\",\"name\":\"DOMA\u010cA STRAN - KRMNI OBROKI IN BIODIVERZITETA V RAZMERAH PODNEBNIH SPREMEMB\",\"isPartOf\":{\"@id\":\"https:\/\/krmainbiodiverziteta.holstein.si\/#website\"},\"primaryImageOfPage\":{\"@id\":\"https:\/\/krmainbiodiverziteta.holstein.si\/#primaryimage\"},\"image\":{\"@id\":\"https:\/\/krmainbiodiverziteta.holstein.si\/#primaryimage\"},\"thumbnailUrl\":\"https:\/\/krmainbiodiverziteta.holstein.si\/wp-content\/uploads\/2024\/12\/PRP-EU-SLO-barvni-scaled-1-1024x253.jpg\",\"datePublished\":\"2024-12-10T12:27:48+00:00\",\"dateModified\":\"2024-12-10T13:44:31+00:00\",\"breadcrumb\":{\"@id\":\"https:\/\/krmainbiodiverziteta.holstein.si\/#breadcrumb\"},\"inLanguage\":\"en-US\",\"potentialAction\":[{\"@type\":\"ReadAction\",\"target\":[\"https:\/\/krmainbiodiverziteta.holstein.si\/\"]}]},{\"@type\":\"ImageObject\",\"inLanguage\":\"en-US\",\"@id\":\"https:\/\/krmainbiodiverziteta.holstein.si\/#primaryimage\",\"url\":\"https:\/\/krmainbiodiverziteta.holstein.si\/wp-content\/uploads\/2024\/12\/PRP-EU-SLO-barvni-scaled-1.jpg\",\"contentUrl\":\"https:\/\/krmainbiodiverziteta.holstein.si\/wp-content\/uploads\/2024\/12\/PRP-EU-SLO-barvni-scaled-1.jpg\",\"width\":2560,\"height\":633},{\"@type\":\"BreadcrumbList\",\"@id\":\"https:\/\/krmainbiodiverziteta.holstein.si\/#breadcrumb\",\"itemListElement\":[{\"@type\":\"ListItem\",\"position\":1,\"name\":\"Home\",\"item\":\"https:\/\/krmainbiodiverziteta.holstein.si\/\"},{\"@type\":\"ListItem\",\"position\":2,\"name\":\"DOMA\u010cA STRAN\"}]},{\"@type\":\"WebSite\",\"@id\":\"https:\/\/krmainbiodiverziteta.holstein.si\/#website\",\"url\":\"https:\/\/krmainbiodiverziteta.holstein.si\/\",\"name\":\"KRMNI OBROKI IN BIODIVERZITETA V RAZMERAH PODNEBNIH SPREMEMB\",\"description\":\"\",\"potentialAction\":[{\"@type\":\"SearchAction\",\"target\":{\"@type\":\"EntryPoint\",\"urlTemplate\":\"https:\/\/krmainbiodiverziteta.holstein.si\/?s={search_term_string}\"},\"query-input\":{\"@type\":\"PropertyValueSpecification\",\"valueRequired\":true,\"valueName\":\"search_term_string\"}}],\"inLanguage\":\"en-US\"}]}<\/script>\n<!-- \/ Yoast SEO plugin. -->","yoast_head_json":{"title":"DOMA\u010cA STRAN - KRMNI OBROKI IN BIODIVERZITETA V RAZMERAH PODNEBNIH SPREMEMB","robots":{"index":"index","follow":"follow","max-snippet":"max-snippet:-1","max-image-preview":"max-image-preview:large","max-video-preview":"max-video-preview:-1"},"canonical":"https:\/\/krmainbiodiverziteta.holstein.si\/","og_locale":"en_US","og_type":"article","og_title":"DOMA\u010cA STRAN - KRMNI OBROKI IN BIODIVERZITETA V RAZMERAH PODNEBNIH SPREMEMB","og_description":"Projekt z naslovom \u00bbKrmni obroki in biodiverziteta v razmerah podnebnih sprememb \u2013 primer govedorejske kmetije\u00ab se je izvajal na 5 v prirejo mleka usmerjenih dru\u017einskih govedorejskih kmetijah ter na posestvu Bogata \u2013 Mlekarna Kobarid, ki ima status malega srednjega podjetja. Poleg tega so v projektu sodelovali raziskovalci in strokovnjaki Univerze v Ljubljani (Biotehni\u0161ke fakultete), ki [&hellip;]","og_url":"https:\/\/krmainbiodiverziteta.holstein.si\/","og_site_name":"KRMNI OBROKI IN BIODIVERZITETA V RAZMERAH PODNEBNIH SPREMEMB","article_modified_time":"2024-12-10T13:44:31+00:00","og_image":[{"url":"https:\/\/krmainbiodiverziteta.holstein.si\/wp-content\/uploads\/2024\/12\/PRP-EU-SLO-barvni-scaled-1-1024x253.jpg","type":"","width":"","height":""}],"twitter_card":"summary_large_image","twitter_misc":{"Est. reading time":"1 minute"},"schema":{"@context":"https:\/\/schema.org","@graph":[{"@type":"WebPage","@id":"https:\/\/krmainbiodiverziteta.holstein.si\/","url":"https:\/\/krmainbiodiverziteta.holstein.si\/","name":"DOMA\u010cA STRAN - KRMNI OBROKI IN BIODIVERZITETA V RAZMERAH PODNEBNIH SPREMEMB","isPartOf":{"@id":"https:\/\/krmainbiodiverziteta.holstein.si\/#website"},"primaryImageOfPage":{"@id":"https:\/\/krmainbiodiverziteta.holstein.si\/#primaryimage"},"image":{"@id":"https:\/\/krmainbiodiverziteta.holstein.si\/#primaryimage"},"thumbnailUrl":"https:\/\/krmainbiodiverziteta.holstein.si\/wp-content\/uploads\/2024\/12\/PRP-EU-SLO-barvni-scaled-1-1024x253.jpg","datePublished":"2024-12-10T12:27:48+00:00","dateModified":"2024-12-10T13:44:31+00:00","breadcrumb":{"@id":"https:\/\/krmainbiodiverziteta.holstein.si\/#breadcrumb"},"inLanguage":"en-US","potentialAction":[{"@type":"ReadAction","target":["https:\/\/krmainbiodiverziteta.holstein.si\/"]}]},{"@type":"ImageObject","inLanguage":"en-US","@id":"https:\/\/krmainbiodiverziteta.holstein.si\/#primaryimage","url":"https:\/\/krmainbiodiverziteta.holstein.si\/wp-content\/uploads\/2024\/12\/PRP-EU-SLO-barvni-scaled-1.jpg","contentUrl":"https:\/\/krmainbiodiverziteta.holstein.si\/wp-content\/uploads\/2024\/12\/PRP-EU-SLO-barvni-scaled-1.jpg","width":2560,"height":633},{"@type":"BreadcrumbList","@id":"https:\/\/krmainbiodiverziteta.holstein.si\/#breadcrumb","itemListElement":[{"@type":"ListItem","position":1,"name":"Home","item":"https:\/\/krmainbiodiverziteta.holstein.si\/"},{"@type":"ListItem","position":2,"name":"DOMA\u010cA STRAN"}]},{"@type":"WebSite","@id":"https:\/\/krmainbiodiverziteta.holstein.si\/#website","url":"https:\/\/krmainbiodiverziteta.holstein.si\/","name":"KRMNI OBROKI IN BIODIVERZITETA V RAZMERAH PODNEBNIH SPREMEMB","description":"","potentialAction":[{"@type":"SearchAction","target":{"@type":"EntryPoint","urlTemplate":"https:\/\/krmainbiodiverziteta.holstein.si\/?s={search_term_string}"},"query-input":{"@type":"PropertyValueSpecification","valueRequired":true,"valueName":"search_term_string"}}],"inLanguage":"en-US"}]}},"uagb_featured_image_src":{"full":false,"thumbnail":false,"medium":false,"medium_large":false,"large":false,"1536x1536":false,"2048x2048":false},"uagb_author_info":{"display_name":"admin","author_link":"https:\/\/krmainbiodiverziteta.holstein.si\/index.php\/author\/admin_krma\/"},"uagb_comment_info":0,"uagb_excerpt":"Projekt z naslovom \u00bbKrmni obroki in biodiverziteta v razmerah podnebnih sprememb \u2013 primer govedorejske kmetije\u00ab se je izvajal na 5 v prirejo mleka usmerjenih dru\u017einskih govedorejskih kmetijah ter na posestvu Bogata \u2013 Mlekarna Kobarid, ki ima status malega srednjega podjetja. Poleg tega so v projektu sodelovali raziskovalci in strokovnjaki Univerze v Ljubljani (Biotehni\u0161ke fakultete), ki&hellip;","_links":{"self":[{"href":"https:\/\/krmainbiodiverziteta.holstein.si\/index.php\/wp-json\/wp\/v2\/pages\/25","targetHints":{"allow":["GET"]}}],"collection":[{"href":"https:\/\/krmainbiodiverziteta.holstein.si\/index.php\/wp-json\/wp\/v2\/pages"}],"about":[{"href":"https:\/\/krmainbiodiverziteta.holstein.si\/index.php\/wp-json\/wp\/v2\/types\/page"}],"author":[{"embeddable":true,"href":"https:\/\/krmainbiodiverziteta.holstein.si\/index.php\/wp-json\/wp\/v2\/users\/1"}],"replies":[{"embeddable":true,"href":"https:\/\/krmainbiodiverziteta.holstein.si\/index.php\/wp-json\/wp\/v2\/comments?post=25"}],"version-history":[{"count":10,"href":"https:\/\/krmainbiodiverziteta.holstein.si\/index.php\/wp-json\/wp\/v2\/pages\/25\/revisions"}],"predecessor-version":[{"id":56,"href":"https:\/\/krmainbiodiverziteta.holstein.si\/index.php\/wp-json\/wp\/v2\/pages\/25\/revisions\/56"}],"wp:attachment":[{"href":"https:\/\/krmainbiodiverziteta.holstein.si\/index.php\/wp-json\/wp\/v2\/media?parent=25"}],"curies":[{"name":"wp","href":"https:\/\/api.w.org\/{rel}","templated":true}]}}