{"id":24,"date":"2024-12-10T12:27:48","date_gmt":"2024-12-10T12:27:48","guid":{"rendered":"https:\/\/krmainbiodiverziteta.holstein.si\/?page_id=24"},"modified":"2025-04-28T07:07:28","modified_gmt":"2025-04-28T07:07:28","slug":"rezultati","status":"publish","type":"page","link":"https:\/\/krmainbiodiverziteta.holstein.si\/index.php\/rezultati\/","title":{"rendered":"REZULTATI"},"content":{"rendered":"\n<p class=\"has-text-align-center has-medium-font-size\"><strong>E-PRIRO\u010cNIK ZA REJCE<\/strong><\/p>\n\n\n\n<div data-wp-interactive=\"core\/file\" class=\"wp-block-file\"><object data-wp-bind--hidden=\"!state.hasPdfPreview\" hidden class=\"wp-block-file__embed\" data=\"https:\/\/krmainbiodiverziteta.holstein.si\/wp-content\/uploads\/2025\/01\/prirocnik_krmni_obroki_final.pdf\" type=\"application\/pdf\" style=\"width:100%;height:600px\" aria-label=\"Embed of priro\u010dnik_krmni_obroki_final.\"><\/object><a id=\"wp-block-file--media-f436ebca-6c3c-4d35-8762-597240baaea0\" href=\"https:\/\/krmainbiodiverziteta.holstein.si\/wp-content\/uploads\/2025\/01\/prirocnik_krmni_obroki_final.pdf\">priro\u010dnik_krmni_obroki_final<\/a><a href=\"https:\/\/krmainbiodiverziteta.holstein.si\/wp-content\/uploads\/2025\/01\/prirocnik_krmni_obroki_final.pdf\" class=\"wp-block-file__button wp-element-button\" download aria-describedby=\"wp-block-file--media-f436ebca-6c3c-4d35-8762-597240baaea0\">Download<\/a><\/div>\n\n\n\n<p class=\"has-text-align-center has-large-font-size\"><strong>Objava na radiu Sora<\/strong><\/p>\n\n\n<div class=\"wp-block-image\">\n<figure class=\"aligncenter size-full\"><img loading=\"lazy\" decoding=\"async\" width=\"308\" height=\"50\" src=\"https:\/\/krmainbiodiverziteta.holstein.si\/wp-content\/uploads\/2024\/12\/image-1.png\" alt=\"\" class=\"wp-image-114\" srcset=\"https:\/\/krmainbiodiverziteta.holstein.si\/wp-content\/uploads\/2024\/12\/image-1.png 308w, https:\/\/krmainbiodiverziteta.holstein.si\/wp-content\/uploads\/2024\/12\/image-1-300x49.png 300w\" sizes=\"auto, (max-width: 308px) 100vw, 308px\" \/><\/figure>\n<\/div>\n\n\n<figure class=\"wp-block-audio\"><audio controls src=\"https:\/\/krmainbiodiverziteta.holstein.si\/wp-content\/uploads\/2024\/12\/Radio-Sora-EIP-Krmni-obroki-8_12_2024-1.mp3\"><\/audio><\/figure>\n\n\n\n<p class=\"has-text-align-center has-large-font-size\"><strong>32. Zadrav\u010devi Erjav\u010devi dnevi<\/strong><\/p>\n\n\n\n<p><strong>32. mednarodno znanstveno posvetovanje o prehrani doma\u010dih \u017eivali<\/strong>&nbsp;je potekalo 13. in 14. novembra 2024 v Radencih. V okviru dogodka sta bila predstavljena tudi \u010dlanka, pripravljena v sklopu tega projekta.<\/p>\n\n\n\n<div class=\"wp-block-columns is-layout-flex wp-container-core-columns-is-layout-9d6595d7 wp-block-columns-is-layout-flex\">\n<div class=\"wp-block-column is-layout-flow wp-block-column-is-layout-flow\">\n<div data-wp-interactive=\"core\/file\" class=\"wp-block-file\"><object data-wp-bind--hidden=\"!state.hasPdfPreview\" hidden class=\"wp-block-file__embed\" data=\"https:\/\/krmainbiodiverziteta.holstein.si\/wp-content\/uploads\/2024\/12\/ZED_2024.pdf\" type=\"application\/pdf\" style=\"width:100%;height:600px\" aria-label=\"Embed of ZED_2024.\"><\/object><a id=\"wp-block-file--media-b0d1c877-14ed-480a-a199-98464eff2a76\" href=\"https:\/\/krmainbiodiverziteta.holstein.si\/wp-content\/uploads\/2024\/12\/ZED_2024.pdf\">ZED_2024<\/a><a href=\"https:\/\/krmainbiodiverziteta.holstein.si\/wp-content\/uploads\/2024\/12\/ZED_2024.pdf\" class=\"wp-block-file__button wp-element-button\" download aria-describedby=\"wp-block-file--media-b0d1c877-14ed-480a-a199-98464eff2a76\">Download<\/a><\/div>\n<\/div>\n\n\n\n<div class=\"wp-block-column is-layout-flow wp-block-column-is-layout-flow\">\n<div data-wp-interactive=\"core\/file\" class=\"wp-block-file\"><object data-wp-bind--hidden=\"!state.hasPdfPreview\" hidden class=\"wp-block-file__embed\" data=\"https:\/\/krmainbiodiverziteta.holstein.si\/wp-content\/uploads\/2024\/12\/ZED_2024_Ambrozic.pdf\" type=\"application\/pdf\" style=\"width:100%;height:600px\" aria-label=\"Embed of ZED_2024_Ambro\u017ei\u010d.\"><\/object><a id=\"wp-block-file--media-3e734c3c-c124-4cfa-81fd-bfda3acf0fef\" href=\"https:\/\/krmainbiodiverziteta.holstein.si\/wp-content\/uploads\/2024\/12\/ZED_2024_Ambrozic.pdf\">ZED_2024_Ambro\u017ei\u010d<\/a><a href=\"https:\/\/krmainbiodiverziteta.holstein.si\/wp-content\/uploads\/2024\/12\/ZED_2024_Ambrozic.pdf\" class=\"wp-block-file__button wp-element-button\" download aria-describedby=\"wp-block-file--media-3e734c3c-c124-4cfa-81fd-bfda3acf0fef\">Download<\/a><\/div>\n<\/div>\n<\/div>\n\n\n\n<div style=\"height:100px\" aria-hidden=\"true\" class=\"wp-block-spacer\"><\/div>\n\n\n\n<p class=\"has-text-align-center has-large-font-size\"><strong>OBJAVA V KME\u010cKEM GLASU<\/strong><\/p>\n\n\n\n<p class=\"has-text-align-center\">11.12.2024 \/ \u0160TEVILKA 50 \/ STRAN 12<\/p>\n\n\n\n<div data-wp-interactive=\"core\/file\" class=\"wp-block-file\"><object data-wp-bind--hidden=\"!state.hasPdfPreview\" hidden class=\"wp-block-file__embed\" data=\"https:\/\/krmainbiodiverziteta.holstein.si\/wp-content\/uploads\/2024\/12\/travnistvo.pdf\" type=\"application\/pdf\" style=\"width:100%;height:600px\" aria-label=\"Embed of travni\u0161tvo.\"><\/object><a id=\"wp-block-file--media-4b3ef92f-cb63-41df-ac7c-1e588882eff8\" href=\"https:\/\/krmainbiodiverziteta.holstein.si\/wp-content\/uploads\/2024\/12\/travnistvo.pdf\">travni\u0161tvo<\/a><a href=\"https:\/\/krmainbiodiverziteta.holstein.si\/wp-content\/uploads\/2024\/12\/travnistvo.pdf\" class=\"wp-block-file__button wp-element-button\" download aria-describedby=\"wp-block-file--media-4b3ef92f-cb63-41df-ac7c-1e588882eff8\">Download<\/a><\/div>\n\n\n\n<p class=\"has-large-font-size\"><strong>REZULTATI PROJEKTA<\/strong><\/p>\n\n\n\n<ul class=\"wp-block-list\">\n<li>Narejen popis na\u010dinov krmljenja in razli\u010dnih oblik avtomatizacije krmljenja na testnih kmetijah<\/li>\n\n\n\n<li> Na kmetijah vklju\u010denih v projekt narejena analiza krmnih obrokov <\/li>\n\n\n\n<li>Narejene analize krme uporabljene v krmnem obroku in analiza tal<\/li>\n\n\n\n<li>Na kmetijah vklju\u010denih v projekt smo tekom leta s pomo\u010djo Gasmet 5000 Terra FTIR analizatorja izmerili koncentracije amonijaka in toplogrednih plinov (metana, N2O, CO2) ter s pomo\u010djo multifunkcionalnega TESTO 435 izmerili parametre mikro-klime (temperaturo, vlago, pretok zraka) na razli\u010dnih mestih v hlevu in izven hleva<\/li>\n\n\n\n<li>Implementirali smo re\u0161itve vezane na postopke krmljenja in optimizacije krmnega obroka<\/li>\n\n\n\n<li>Predlagali smo ukrepi za ohranjanje biotske raznovrstnosti travinja. Pri tem smo upo\u0161tevali tudi povr\u0161ine v eko pridelavi in v Naturi 2000 <\/li>\n\n\n\n<li>Na posamezni testni kmetiji smo pripravili predloge za izbolj\u0161ave rabe trajnega travinja z vidika izbolj\u0161anja kakovosti in koli\u010dine pridelkov s travinja in pove\u010danja vezave ogljika v tleh <\/li>\n\n\n\n<li>Ugotovljena so bila stali\u0161\u010da rejcev in drugih dele\u017enikov glede biodiverzitete in ekosistemskih storitev na govedorejski kmetiji<\/li>\n\n\n\n<li>Pripravili smo Priro\u010dnik v okviru pilotnega projekta pridobljenih znanj za prenos rezultatov v prakso<\/li>\n<\/ul>\n\n\n\n<p><\/p>\n","protected":false},"excerpt":{"rendered":"<p>E-PRIRO\u010cNIK ZA REJCE Objava na radiu Sora 32. Zadrav\u010devi Erjav\u010devi dnevi 32. mednarodno znanstveno posvetovanje o prehrani doma\u010dih \u017eivali&nbsp;je potekalo 13. in 14. novembra 2024 v Radencih. V okviru dogodka sta bila predstavljena tudi \u010dlanka, pripravljena v sklopu tega projekta. OBJAVA V KME\u010cKEM GLASU 11.12.2024 \/ \u0160TEVILKA 50 \/ STRAN 12 REZULTATI PROJEKTA<\/p>\n","protected":false},"author":1,"featured_media":0,"parent":0,"menu_order":0,"comment_status":"closed","ping_status":"closed","template":"","meta":{"_uag_custom_page_level_css":"","footnotes":""},"class_list":["post-24","page","type-page","status-publish","hentry"],"yoast_head":"<!-- This site is optimized with the Yoast SEO plugin v24.0 - https:\/\/yoast.com\/wordpress\/plugins\/seo\/ -->\n<title>REZULTATI - KRMNI OBROKI IN BIODIVERZITETA V RAZMERAH PODNEBNIH SPREMEMB<\/title>\n<meta name=\"robots\" content=\"index, follow, max-snippet:-1, max-image-preview:large, max-video-preview:-1\" \/>\n<link rel=\"canonical\" href=\"https:\/\/krmainbiodiverziteta.holstein.si\/index.php\/rezultati\/\" \/>\n<meta property=\"og:locale\" content=\"en_US\" \/>\n<meta property=\"og:type\" content=\"article\" \/>\n<meta property=\"og:title\" content=\"REZULTATI - KRMNI OBROKI IN BIODIVERZITETA V RAZMERAH PODNEBNIH SPREMEMB\" \/>\n<meta property=\"og:description\" content=\"E-PRIRO\u010cNIK ZA REJCE Objava na radiu Sora 32. Zadrav\u010devi Erjav\u010devi dnevi 32. mednarodno znanstveno posvetovanje o prehrani doma\u010dih \u017eivali&nbsp;je potekalo 13. in 14. novembra 2024 v Radencih. V okviru dogodka sta bila predstavljena tudi \u010dlanka, pripravljena v sklopu tega projekta. OBJAVA V KME\u010cKEM GLASU 11.12.2024 \/ \u0160TEVILKA 50 \/ STRAN 12 REZULTATI PROJEKTA\" \/>\n<meta property=\"og:url\" content=\"https:\/\/krmainbiodiverziteta.holstein.si\/index.php\/rezultati\/\" \/>\n<meta property=\"og:site_name\" content=\"KRMNI OBROKI IN BIODIVERZITETA V RAZMERAH PODNEBNIH SPREMEMB\" \/>\n<meta property=\"article:modified_time\" content=\"2025-04-28T07:07:28+00:00\" \/>\n<meta property=\"og:image\" content=\"https:\/\/krmainbiodiverziteta.holstein.si\/wp-content\/uploads\/2024\/12\/image-1.png\" \/>\n\t<meta property=\"og:image:width\" content=\"308\" \/>\n\t<meta property=\"og:image:height\" content=\"50\" \/>\n\t<meta property=\"og:image:type\" content=\"image\/png\" \/>\n<meta name=\"twitter:card\" content=\"summary_large_image\" \/>\n<meta name=\"twitter:label1\" content=\"Est. reading time\" \/>\n\t<meta name=\"twitter:data1\" content=\"2 minutes\" \/>\n<script type=\"application\/ld+json\" class=\"yoast-schema-graph\">{\"@context\":\"https:\/\/schema.org\",\"@graph\":[{\"@type\":\"WebPage\",\"@id\":\"https:\/\/krmainbiodiverziteta.holstein.si\/index.php\/rezultati\/\",\"url\":\"https:\/\/krmainbiodiverziteta.holstein.si\/index.php\/rezultati\/\",\"name\":\"REZULTATI - KRMNI OBROKI IN BIODIVERZITETA V RAZMERAH PODNEBNIH SPREMEMB\",\"isPartOf\":{\"@id\":\"https:\/\/krmainbiodiverziteta.holstein.si\/#website\"},\"primaryImageOfPage\":{\"@id\":\"https:\/\/krmainbiodiverziteta.holstein.si\/index.php\/rezultati\/#primaryimage\"},\"image\":{\"@id\":\"https:\/\/krmainbiodiverziteta.holstein.si\/index.php\/rezultati\/#primaryimage\"},\"thumbnailUrl\":\"https:\/\/krmainbiodiverziteta.holstein.si\/wp-content\/uploads\/2024\/12\/image-1.png\",\"datePublished\":\"2024-12-10T12:27:48+00:00\",\"dateModified\":\"2025-04-28T07:07:28+00:00\",\"breadcrumb\":{\"@id\":\"https:\/\/krmainbiodiverziteta.holstein.si\/index.php\/rezultati\/#breadcrumb\"},\"inLanguage\":\"en-US\",\"potentialAction\":[{\"@type\":\"ReadAction\",\"target\":[\"https:\/\/krmainbiodiverziteta.holstein.si\/index.php\/rezultati\/\"]}]},{\"@type\":\"ImageObject\",\"inLanguage\":\"en-US\",\"@id\":\"https:\/\/krmainbiodiverziteta.holstein.si\/index.php\/rezultati\/#primaryimage\",\"url\":\"https:\/\/krmainbiodiverziteta.holstein.si\/wp-content\/uploads\/2024\/12\/image-1.png\",\"contentUrl\":\"https:\/\/krmainbiodiverziteta.holstein.si\/wp-content\/uploads\/2024\/12\/image-1.png\",\"width\":308,\"height\":50},{\"@type\":\"BreadcrumbList\",\"@id\":\"https:\/\/krmainbiodiverziteta.holstein.si\/index.php\/rezultati\/#breadcrumb\",\"itemListElement\":[{\"@type\":\"ListItem\",\"position\":1,\"name\":\"Home\",\"item\":\"https:\/\/krmainbiodiverziteta.holstein.si\/\"},{\"@type\":\"ListItem\",\"position\":2,\"name\":\"REZULTATI\"}]},{\"@type\":\"WebSite\",\"@id\":\"https:\/\/krmainbiodiverziteta.holstein.si\/#website\",\"url\":\"https:\/\/krmainbiodiverziteta.holstein.si\/\",\"name\":\"KRMNI OBROKI IN BIODIVERZITETA V RAZMERAH PODNEBNIH SPREMEMB\",\"description\":\"\",\"potentialAction\":[{\"@type\":\"SearchAction\",\"target\":{\"@type\":\"EntryPoint\",\"urlTemplate\":\"https:\/\/krmainbiodiverziteta.holstein.si\/?s={search_term_string}\"},\"query-input\":{\"@type\":\"PropertyValueSpecification\",\"valueRequired\":true,\"valueName\":\"search_term_string\"}}],\"inLanguage\":\"en-US\"}]}<\/script>\n<!-- \/ Yoast SEO plugin. -->","yoast_head_json":{"title":"REZULTATI - KRMNI OBROKI IN BIODIVERZITETA V RAZMERAH PODNEBNIH SPREMEMB","robots":{"index":"index","follow":"follow","max-snippet":"max-snippet:-1","max-image-preview":"max-image-preview:large","max-video-preview":"max-video-preview:-1"},"canonical":"https:\/\/krmainbiodiverziteta.holstein.si\/index.php\/rezultati\/","og_locale":"en_US","og_type":"article","og_title":"REZULTATI - KRMNI OBROKI IN BIODIVERZITETA V RAZMERAH PODNEBNIH SPREMEMB","og_description":"E-PRIRO\u010cNIK ZA REJCE Objava na radiu Sora 32. Zadrav\u010devi Erjav\u010devi dnevi 32. mednarodno znanstveno posvetovanje o prehrani doma\u010dih \u017eivali&nbsp;je potekalo 13. in 14. novembra 2024 v Radencih. V okviru dogodka sta bila predstavljena tudi \u010dlanka, pripravljena v sklopu tega projekta. OBJAVA V KME\u010cKEM GLASU 11.12.2024 \/ \u0160TEVILKA 50 \/ STRAN 12 REZULTATI PROJEKTA","og_url":"https:\/\/krmainbiodiverziteta.holstein.si\/index.php\/rezultati\/","og_site_name":"KRMNI OBROKI IN BIODIVERZITETA V RAZMERAH PODNEBNIH SPREMEMB","article_modified_time":"2025-04-28T07:07:28+00:00","og_image":[{"width":308,"height":50,"url":"https:\/\/krmainbiodiverziteta.holstein.si\/wp-content\/uploads\/2024\/12\/image-1.png","type":"image\/png"}],"twitter_card":"summary_large_image","twitter_misc":{"Est. reading time":"2 minutes"},"schema":{"@context":"https:\/\/schema.org","@graph":[{"@type":"WebPage","@id":"https:\/\/krmainbiodiverziteta.holstein.si\/index.php\/rezultati\/","url":"https:\/\/krmainbiodiverziteta.holstein.si\/index.php\/rezultati\/","name":"REZULTATI - KRMNI OBROKI IN BIODIVERZITETA V RAZMERAH PODNEBNIH SPREMEMB","isPartOf":{"@id":"https:\/\/krmainbiodiverziteta.holstein.si\/#website"},"primaryImageOfPage":{"@id":"https:\/\/krmainbiodiverziteta.holstein.si\/index.php\/rezultati\/#primaryimage"},"image":{"@id":"https:\/\/krmainbiodiverziteta.holstein.si\/index.php\/rezultati\/#primaryimage"},"thumbnailUrl":"https:\/\/krmainbiodiverziteta.holstein.si\/wp-content\/uploads\/2024\/12\/image-1.png","datePublished":"2024-12-10T12:27:48+00:00","dateModified":"2025-04-28T07:07:28+00:00","breadcrumb":{"@id":"https:\/\/krmainbiodiverziteta.holstein.si\/index.php\/rezultati\/#breadcrumb"},"inLanguage":"en-US","potentialAction":[{"@type":"ReadAction","target":["https:\/\/krmainbiodiverziteta.holstein.si\/index.php\/rezultati\/"]}]},{"@type":"ImageObject","inLanguage":"en-US","@id":"https:\/\/krmainbiodiverziteta.holstein.si\/index.php\/rezultati\/#primaryimage","url":"https:\/\/krmainbiodiverziteta.holstein.si\/wp-content\/uploads\/2024\/12\/image-1.png","contentUrl":"https:\/\/krmainbiodiverziteta.holstein.si\/wp-content\/uploads\/2024\/12\/image-1.png","width":308,"height":50},{"@type":"BreadcrumbList","@id":"https:\/\/krmainbiodiverziteta.holstein.si\/index.php\/rezultati\/#breadcrumb","itemListElement":[{"@type":"ListItem","position":1,"name":"Home","item":"https:\/\/krmainbiodiverziteta.holstein.si\/"},{"@type":"ListItem","position":2,"name":"REZULTATI"}]},{"@type":"WebSite","@id":"https:\/\/krmainbiodiverziteta.holstein.si\/#website","url":"https:\/\/krmainbiodiverziteta.holstein.si\/","name":"KRMNI OBROKI IN BIODIVERZITETA V RAZMERAH PODNEBNIH SPREMEMB","description":"","potentialAction":[{"@type":"SearchAction","target":{"@type":"EntryPoint","urlTemplate":"https:\/\/krmainbiodiverziteta.holstein.si\/?s={search_term_string}"},"query-input":{"@type":"PropertyValueSpecification","valueRequired":true,"valueName":"search_term_string"}}],"inLanguage":"en-US"}]}},"uagb_featured_image_src":{"full":false,"thumbnail":false,"medium":false,"medium_large":false,"large":false,"1536x1536":false,"2048x2048":false},"uagb_author_info":{"display_name":"admin","author_link":"https:\/\/krmainbiodiverziteta.holstein.si\/index.php\/author\/admin_krma\/"},"uagb_comment_info":0,"uagb_excerpt":"E-PRIRO\u010cNIK ZA REJCE Objava na radiu Sora 32. Zadrav\u010devi Erjav\u010devi dnevi 32. mednarodno znanstveno posvetovanje o prehrani doma\u010dih \u017eivali&nbsp;je potekalo 13. in 14. novembra 2024 v Radencih. V okviru dogodka sta bila predstavljena tudi \u010dlanka, pripravljena v sklopu tega projekta. OBJAVA V KME\u010cKEM GLASU 11.12.2024 \/ \u0160TEVILKA 50 \/ STRAN 12 REZULTATI PROJEKTA","_links":{"self":[{"href":"https:\/\/krmainbiodiverziteta.holstein.si\/index.php\/wp-json\/wp\/v2\/pages\/24","targetHints":{"allow":["GET"]}}],"collection":[{"href":"https:\/\/krmainbiodiverziteta.holstein.si\/index.php\/wp-json\/wp\/v2\/pages"}],"about":[{"href":"https:\/\/krmainbiodiverziteta.holstein.si\/index.php\/wp-json\/wp\/v2\/types\/page"}],"author":[{"embeddable":true,"href":"https:\/\/krmainbiodiverziteta.holstein.si\/index.php\/wp-json\/wp\/v2\/users\/1"}],"replies":[{"embeddable":true,"href":"https:\/\/krmainbiodiverziteta.holstein.si\/index.php\/wp-json\/wp\/v2\/comments?post=24"}],"version-history":[{"count":13,"href":"https:\/\/krmainbiodiverziteta.holstein.si\/index.php\/wp-json\/wp\/v2\/pages\/24\/revisions"}],"predecessor-version":[{"id":127,"href":"https:\/\/krmainbiodiverziteta.holstein.si\/index.php\/wp-json\/wp\/v2\/pages\/24\/revisions\/127"}],"wp:attachment":[{"href":"https:\/\/krmainbiodiverziteta.holstein.si\/index.php\/wp-json\/wp\/v2\/media?parent=24"}],"curies":[{"name":"wp","href":"https:\/\/api.w.org\/{rel}","templated":true}]}}